{"id":7484,"date":"2022-02-11T17:54:27","date_gmt":"2022-02-11T17:54:27","guid":{"rendered":"https:\/\/staging.24-7prayer.com\/recursos\/podcasts-videos\/"},"modified":"2022-02-21T11:14:45","modified_gmt":"2022-02-21T11:14:45","slug":"podcasts-videos","status":"publish","type":"page","link":"https:\/\/staging.24-7prayer.com\/es\/recursos\/podcasts-videos\/","title":{"rendered":"Podcasts &amp; V\u00eddeos"},"content":{"rendered":"\n<h6 class=\"wp-block-heading\">Encuentra aqu\u00ed nuestros cursos, v\u00eddeos y series de podcasts, as\u00ed como los recursos que los acompa\u00f1an.<\/h6>\n","protected":false},"excerpt":{"rendered":"<p>Encuentra aqu\u00ed nuestros cursos, v\u00eddeos y series de podcasts, as\u00ed como los recursos que los acompa\u00f1an.<\/p>\n","protected":false},"author":1,"featured_media":0,"parent":3503,"menu_order":210,"comment_status":"closed","ping_status":"closed","template":"page-templates\/podcast-and-videos.php","meta":{"_acf_changed":false,"inline_featured_image":false,"footnotes":""},"class_list":["post-7484","page","type-page","status-publish","hentry"],"acf":[],"_links":{"self":[{"href":"https:\/\/staging.24-7prayer.com\/es\/wp-json\/wp\/v2\/pages\/7484","targetHints":{"allow":["GET"]}}],"collection":[{"href":"https:\/\/staging.24-7prayer.com\/es\/wp-json\/wp\/v2\/pages"}],"about":[{"href":"https:\/\/staging.24-7prayer.com\/es\/wp-json\/wp\/v2\/types\/page"}],"author":[{"embeddable":true,"href":"https:\/\/staging.24-7prayer.com\/es\/wp-json\/wp\/v2\/users\/1"}],"replies":[{"embeddable":true,"href":"https:\/\/staging.24-7prayer.com\/es\/wp-json\/wp\/v2\/comments?post=7484"}],"version-history":[{"count":9,"href":"https:\/\/staging.24-7prayer.com\/es\/wp-json\/wp\/v2\/pages\/7484\/revisions"}],"predecessor-version":[{"id":8077,"href":"https:\/\/staging.24-7prayer.com\/es\/wp-json\/wp\/v2\/pages\/7484\/revisions\/8077"}],"up":[{"embeddable":true,"href":"https:\/\/staging.24-7prayer.com\/es\/wp-json\/wp\/v2\/pages\/3503"}],"wp:attachment":[{"href":"https:\/\/staging.24-7prayer.com\/es\/wp-json\/wp\/v2\/media?parent=7484"}],"curies":[{"name":"wp","href":"https:\/\/api.w.org\/{rel}","templated":true}]}}