{"id":7053,"date":"2022-02-02T14:51:04","date_gmt":"2022-02-02T14:51:04","guid":{"rendered":"https:\/\/staging.24-7prayer.com\/coronavirus-guia-de-oracion-de-60-minutos\/"},"modified":"2022-02-02T15:06:10","modified_gmt":"2022-02-02T15:06:10","slug":"coronavirus-guia-de-oracion-de-60-minutos","status":"publish","type":"page","link":"https:\/\/staging.24-7prayer.com\/es\/coronavirus-guia-de-oracion-de-60-minutos\/","title":{"rendered":"Coronavirus Gu\u00eda de oraci\u00f3n de 60 minutos"},"content":{"rendered":"\n<p><strong>Hemos desarrollado una gu\u00eda de oraci\u00f3n de 60 minutos para ayudarte a apartar un tiempo para orar en medio de la pandemia del coronavirus.<\/strong><\/p>\n\n<p>Est\u00e1 dividida en cuatro secciones para ayudarte a guiar tus oraciones: <br\/><strong>O<\/strong> bservar, parar<br\/><strong>R<\/strong> egocijarse<br\/><strong>A<\/strong> pelar<br\/><strong>R<\/strong> endirse<\/p>\n\n<div class=\"wp-block-buttons is-layout-flex wp-block-buttons-is-layout-flex\">\n<div class=\"wp-block-button\"><a class=\"wp-block-button__link\" href=\"https:\/\/pray.24-7prayer.com\/downloads\/An%20Hour%20of%20Prayer%20for%20the%20Coronavirus%20Pandemic.pdf\" target=\"_blank\" rel=\"noreferrer noopener\"><strong>Gu\u00eda de oraci\u00f3n de 60 minutos<\/strong><\/a><\/div>\n<\/div>\n","protected":false},"excerpt":{"rendered":"<p>Hemos desarrollado una gu\u00eda de oraci\u00f3n de 60 minutos para ayudarte a apartar un tiempo para orar en medio de la pandemia del coronavirus. Est\u00e1 dividida en cuatro secciones para ayudarte a guiar tus oraciones: O bservar, pararR egocijarseA pelarR endirse<\/p>\n","protected":false},"author":2,"featured_media":0,"parent":0,"menu_order":121,"comment_status":"closed","ping_status":"closed","template":"","meta":{"_acf_changed":false,"inline_featured_image":false,"footnotes":""},"class_list":["post-7053","page","type-page","status-publish","hentry"],"acf":[],"_links":{"self":[{"href":"https:\/\/staging.24-7prayer.com\/es\/wp-json\/wp\/v2\/pages\/7053","targetHints":{"allow":["GET"]}}],"collection":[{"href":"https:\/\/staging.24-7prayer.com\/es\/wp-json\/wp\/v2\/pages"}],"about":[{"href":"https:\/\/staging.24-7prayer.com\/es\/wp-json\/wp\/v2\/types\/page"}],"author":[{"embeddable":true,"href":"https:\/\/staging.24-7prayer.com\/es\/wp-json\/wp\/v2\/users\/2"}],"replies":[{"embeddable":true,"href":"https:\/\/staging.24-7prayer.com\/es\/wp-json\/wp\/v2\/comments?post=7053"}],"version-history":[{"count":5,"href":"https:\/\/staging.24-7prayer.com\/es\/wp-json\/wp\/v2\/pages\/7053\/revisions"}],"predecessor-version":[{"id":7058,"href":"https:\/\/staging.24-7prayer.com\/es\/wp-json\/wp\/v2\/pages\/7053\/revisions\/7058"}],"wp:attachment":[{"href":"https:\/\/staging.24-7prayer.com\/es\/wp-json\/wp\/v2\/media?parent=7053"}],"curies":[{"name":"wp","href":"https:\/\/api.w.org\/{rel}","templated":true}]}}