{"id":3491,"date":"2021-10-26T19:03:59","date_gmt":"2021-10-26T18:03:59","guid":{"rendered":"https:\/\/staging.24-7prayer.com\/comunidades-24-7\/"},"modified":"2022-02-24T16:05:17","modified_gmt":"2022-02-24T16:05:17","slug":"comunidades-24-7","status":"publish","type":"page","link":"https:\/\/staging.24-7prayer.com\/es\/acerca-de\/lo-que-hacemos\/comunidades-24-7\/","title":{"rendered":"Comunidades 24-7"},"content":{"rendered":"\n<h6 class=\"wp-block-heading\" id=\"las-comunidades-de-oracion-24-7-son-una-familia-internacional-en-expansion-formada-por-iglesias-casas-de-oracion-y-nuevas-comunidades-monasticas-juntas-forman-la-red-de-comunidades\">Las comunidades de Oraci\u00f3n 24-7 son una familia internacional en expansi\u00f3n formada por iglesias, casas de oraci\u00f3n y nuevas comunidades mon\u00e1sticas. Juntas forman la red de comunidades.<\/h6>\n\n\n\n<h5 class=\"wp-block-heading\" id=\"existen-comunidades-24-7-por-todo-el-mundo\">Existen Comunidades 24-7 por todo el mundo&#8230;<\/h5>\n\n\n\n<p><\/p>\n","protected":false},"excerpt":{"rendered":"<p>Las comunidades de Oraci\u00f3n 24-7 son una familia internacional en expansi\u00f3n formada por iglesias, casas de oraci\u00f3n y nuevas comunidades mon\u00e1sticas. Juntas forman la red de comunidades. Existen Comunidades 24-7 por todo el mundo&#8230;<\/p>\n","protected":false},"author":1,"featured_media":3492,"parent":4003,"menu_order":172,"comment_status":"closed","ping_status":"closed","template":"page-templates\/communities.php","meta":{"_acf_changed":false,"inline_featured_image":false,"footnotes":""},"class_list":["post-3491","page","type-page","status-publish","has-post-thumbnail","hentry"],"acf":[],"_links":{"self":[{"href":"https:\/\/staging.24-7prayer.com\/es\/wp-json\/wp\/v2\/pages\/3491","targetHints":{"allow":["GET"]}}],"collection":[{"href":"https:\/\/staging.24-7prayer.com\/es\/wp-json\/wp\/v2\/pages"}],"about":[{"href":"https:\/\/staging.24-7prayer.com\/es\/wp-json\/wp\/v2\/types\/page"}],"author":[{"embeddable":true,"href":"https:\/\/staging.24-7prayer.com\/es\/wp-json\/wp\/v2\/users\/1"}],"replies":[{"embeddable":true,"href":"https:\/\/staging.24-7prayer.com\/es\/wp-json\/wp\/v2\/comments?post=3491"}],"version-history":[{"count":18,"href":"https:\/\/staging.24-7prayer.com\/es\/wp-json\/wp\/v2\/pages\/3491\/revisions"}],"predecessor-version":[{"id":8416,"href":"https:\/\/staging.24-7prayer.com\/es\/wp-json\/wp\/v2\/pages\/3491\/revisions\/8416"}],"up":[{"embeddable":true,"href":"https:\/\/staging.24-7prayer.com\/es\/wp-json\/wp\/v2\/pages\/4003"}],"wp:featuredmedia":[{"embeddable":true,"href":"https:\/\/staging.24-7prayer.com\/es\/wp-json\/wp\/v2\/media\/3492"}],"wp:attachment":[{"href":"https:\/\/staging.24-7prayer.com\/es\/wp-json\/wp\/v2\/media?parent=3491"}],"curies":[{"name":"wp","href":"https:\/\/api.w.org\/{rel}","templated":true}]}}